{"id":176,"date":"2022-08-17T09:36:06","date_gmt":"2022-08-17T07:36:06","guid":{"rendered":"https:\/\/www.jeremiebossone.com\/?page_id=176"},"modified":"2022-08-17T09:40:19","modified_gmt":"2022-08-17T07:40:19","slug":"le-decembre-italien-paroles","status":"publish","type":"page","link":"https:\/\/www.jeremiebossone.com\/?page_id=176","title":{"rendered":"LE DECEMBRE ITALIEN (Paroles)"},"content":{"rendered":"<p style=\"font-size:24px\"><strong>LE DECEMBRE ITALIEN<\/strong><\/p><p>Nous voyagions cet hiver l\u00e0<br>Loin de la France et du verglas<br>Notre amour \u00e9tait plus joli<br>Sous le ciel bleu de l\u2019Italie<br>Je suivais ses cheveux nou\u00e9s<br>Les chemins \u00e9taient \u00e0 nous, et<br>De la Toscane \u00e0 Pomp\u00e9i<br>Nous traversions tout le pays<br>Un\u2019 fois n\u2019est pas coutume, alors<br>Je vous chant\u2019 le plus beau d\u2019abord&nbsp;:<br>Ce voyage d\u2019hiver au soleil\u2026<br>Ce p\u00e9riple au pays de Dante<br>Aujourd\u2019hui encore il me hante<br>Car pour moi, rien n\u2019\u00e9gal\u2019, non rien,<br>Ce D\u00e9cembre italien<\/p><p>Notre amour avait fait banqu\u2019route<br>Chacun de nous suivait sa route<br>Elle avait rencontr\u00e9 ce mec<br>Et vivait \u00e0 Bruxell&rsquo; avec<br>Moi je louais une chambre \u00e0 bas prix<br>Perch\u00e9e sous les toits de Paris<br>L\u00e0, j\u2019\u00e9crivais des chansons rock<br>Pour me faire un nom dans l\u2019\u00e9poque<br>Mais comme en bas coulait la Seine<br>Je venais y noyer ma peine<br>Et la fleur noir\u2019 du souvenir\u2026<br>Des gondol\u2019 glissaient sur Paname<br>Venise&nbsp;avait parqu\u00e9 mon \u00e2me<br>J\u2019\u00e9tais prisonnier bel et bien<br>Du D\u00e9cembre italien<\/p><p>J\u2019avais un boulot sur les quais<br>On y trimballait des paquets<br>Mais je r\u00eavais d\u2019autres voyages<br>Et un jour j\u2019ai pli\u00e9 bagage<br>J\u2019ai bourlingu\u00e9 ici et l\u00e0<br>La vie nous porte\u2026 Et me voil\u00e0<br>Un beau soir d\u2019automne \u00e0 Gen\u00e8ve<br>Sur le trottoir, soudain, je r\u00eave&nbsp;:<br>Ell\u2019 se tenait l\u00e0, devant moi<br>Peut-\u00eatre \u00e0 la fill&rsquo; d&rsquo;autrefois<br>Cell&rsquo; que j&#8217;embrassais dans V\u00e9rone<br>Quand nos regards se sont crois\u00e9s<br>Elle a souri et j\u2019ai pens\u00e9<br>Qu\u2019on \u00e9tait unis par les liens<br>Du D\u00e9cembre italien<\/p><p>Le jour pointait \u00e0 la fen\u00eatre<br>J\u2019avais l\u2019impression de rena\u00eetre<br>Allong\u00e9 sur le lit pr\u00e8s d\u2019elle<br>Dans la chambre de cet h\u00f4tel<br>Je l&rsquo;\u00e9coutais piquer un somme<br>Et je nous revoyais \u00e0 Rome<br>Quand nous trinquions \u00e0 notre vie<br>Devant la fontaine de Tr\u00e9vi<br>Les heur\u2019 d\u2019alors avaient ce charme<br>Qui brill\u2019 dans La Chartreuse de Parme<br>Charme insouciant des jours qui fuient\u2026<br>Et stout \u00e0 coup j&rsquo;ai sursaut\u00e9<br>Lorsque ses l\u00e8vr&rsquo; ont chuchot\u00e9&nbsp;:<br>\u00ab&nbsp;Mon loup, est-c\u2019 que tu te souviens<br>Du D\u00e9cembre italien&nbsp;?&nbsp;\u00bb<\/p><p>Notre histoire avait rebondi<br>Nous habitions dans le Midi<br>Un coin de terre o\u00f9 des paniers<br>S\u2019agitaient sous les citronniers<br>Ell\u2019 m&rsquo;apprenait des gnocchis l&rsquo;art<br>Et je lui jouais de la guitare<br>La garrigue offrait mill\u2019 beaut\u00e9s<br>Nous l\u2019arpentions les soirs d\u2019\u00e9t\u00e9<br>Mais le revers d\u2019un si beau songe<br>C\u2019est que le fil des jours vous ronge<br>Et ces jours oeuvraient contre nous\u2026<br>Ils nous avaient vol\u00e9 l\u2019errance<br>Nos rir\u2019, et les ponts de Florence<br>Nous perdions dans ce quotidien<br>Le D\u00e9cembre italien<\/p><p>J\u2019ai pris des trains et des avions<br>Rien ne dure, et nous le savions<br>Je pense \u00e0 elle encor parfois<br>Dans mes r\u00eav\u2019 souvent je la vois<br>Tous les deux nous n\u2019\u00e9tions pas faits<br>Pour vivre ensemble, c\u2019est un fait<br>Mis \u00e0 part ces glorieux moments<br>Qui transform\u2019 en dieux les amants<br>J\u2019esp\u00e8r\u2019 qu\u2019elle a trouv\u00e9 sa place<br>J\u2019essaie moi-m\u00eam\u2019 car le Temps passe<br>Et le Temps \u00e9teint les sourires\u2026<br>Nos amours et nos joies se meurent<br>Les beaux jours dorm\u2019 au fond du c\u0153ur<br>Un\u2019 rose orne le marbre ancien<br>Des D\u00e9cembr\u2019 italiens<\/p><p><\/p><p style=\"font-size:24px\"><strong>A FLORENCE<\/strong><\/p><p>A Florence, \u00f4 ma belle<br>Pourquoi somm\u2019 nous rev\u2019nus&nbsp;?<br>Null\u2019 romanc\u2019 ne m\u2019appelle<br>Dans ces av\u2019nues<br>Ma belle<br>A Florence, \u00f4 ma belle,<br>Pourquoi somm\u2019 nous rev\u2019nus<br>L\u2019amour s\u2019est fait la belle<br>Nous voil\u00e0 nus<\/p><p>Je nous revois dans les<br>Jardins de Boboli<br>O\u00f9 ton amour au mien donna de l\u2019eau<br>Ces jours s\u2019en sont all\u00e9s<br>L\u2019amour est aboli<br>Alors que peut nous fair\u2019 Donatello&nbsp;?<\/p><p>A Florence, \u00f4 ma belle<br>Pourquoi somm\u2019 nous rev\u2019nus&nbsp;?<br>Null\u2019 romanc\u2019 ne t\u2019appelle<br>Dans ces av\u2019nues<br>Ma belle<br>A Florence, \u00f4 ma belle,<br>Pourquoi somm\u2019 nous rev\u2019nus<br>L\u2019amour s\u2019est fait la belle<br>Nous voil\u00e0 nus<\/p><p>Le vent souffle si fort<br>Sur le Ponte Vecchio<br>Triste tableau que nos prunell\u2019 esquivent<br>Notre vieux r\u00eave est mort<br>Nous somm\u2019 l\u00e0 deux idiots<br>Alors que peut nous fair\u2019 Brunelleschi&nbsp;?<\/p><p>A Florence, \u00f4 ma belle<br>Pourquoi somm\u2019 nous rev\u2019nus\u00a0?<br>Plus rien ne nous appelle<br>Dans ces av\u2019nues<br>Ma belle<br>A Florence, \u00f4 ma belle,<br>Pourquoi somm\u2019 nous rev\u2019nus<br>L\u2019amour s\u2019est fait la belle<br>N&rsquo;en parlons plus<\/p><p><\/p><p style=\"font-size:24px\"><strong>POMPEI<\/strong><\/p><p>Le soleil de d\u00e9cembre<br>Pr\u00eate aux statues de cendres<br>Le feu de nos amours mortes<br>Ta robe se balance<br>Je la suis en silence<br>Et les souv\u2019nirs nous escortent<br>Ici l\u2019architecture<br>Referme sur nous ses portes<br>Tu me tournes le dos<br>Et je ressers mon manteau<br>J\u2019ai froid comm\u2019 dans un\u2019 abbaye<br>A Pomp\u00e9i<\/p><p>Que d\u2019\u00e9tranges effluves<br>Sous les flancs du V\u00e9suve<br>O\u00f9 ta silhouette se d\u00e9hanche<br>Ell\u2019 va sans fair\u2019 d\u2019\u00e9cart<br>Sans m\u2019offrir un regard<br>Sa forme aux pierr\u2019 se m\u00e9lange<br>Ici les rues sont calmes<br>Ont-ell\u2019 connu des dimanches&nbsp;?<br>Ici rien n\u2019est vainqueur&nbsp;:<br>Ni les palais, ni mon c\u0153ur<br>La Mort commande, on ob\u00e9it<br>A Pomp\u00e9i<\/p><p>Nous marchons sans rien dire<br>Dans ces ruines d\u2019empire<br>Le soir commence \u00e0 descendre<br>On marche et tout fout l\u2019camp<br>A l\u2019ombre des volcans<br>L\u2019amour a un go\u00fbt de cendres<br>Oui l\u00e0 tout n\u2019est que cendres<br>Et mon c\u0153ur est en d\u00e9cembre<br>Dans ce d\u00e9sert immense<br>Le fant\u00f4me de l\u2019amour danse<br>S\u2019rait-il chez lui dans ce pays&nbsp;?<br>A Pomp\u00e9i\u2026<\/p><p>Le soleil de d\u00e9cembre<br>Pr\u00eate aux statues de cendres<br>Le feu de nos amours mortes<\/p><p><\/p><p style=\"font-size:24px\"><strong>MALAISE A VENISE<\/strong><\/p><p>On glissait peinards sur un va-<br>-Poretto<br>Et j&rsquo;ai dit : \u2013\u2013 Si tu veux, on va<br>Au restau ?<br>Mais avant qu&rsquo;on ait go\u00fbt\u00e9 l&rsquo; pla-<br>-Teau de nouilles<br>J&rsquo; sais plus pourquoi mais tout est pa-<br>-Rti en couilles<\/p><p>T&rsquo;as raison :<br>Engueulons-nous puisque t&rsquo;y tiens<br>Sous les toil&rsquo; dor\u00e9es du Titien<br>L\u00e0, dans la vill&rsquo; des amoureux<br>Tu veux qu&rsquo;on r\u00e8gle un truc ou deux ?<\/p><p>Refrain :<br>Qu&rsquo;on discute ? Et qu&rsquo;est-c&rsquo; tu veux qu&rsquo; j&rsquo; dise ?<br>J&rsquo;ai les glandes !<br>Y a dispute et malaise \u00e0 Venise\u2026<br>Chouett&rsquo; d\u00e9cembre !<br>On s&rsquo; crie d&rsquo;ssus, l\u00e0 sur les valises<br>Gross&rsquo; temp\u00eate !<br>Y a dispute et malaise \u00e0 Venise<br>C&rsquo;est trop b\u00eate\u2026<\/p><p>On r\u00eavait d&rsquo;amour, bah dis donc<br>Quel souv&rsquo;nir !<br>S&rsquo;engueuler \u00e0 deux pas du Pont<br>Des Soupirs\u2026<br>L&rsquo; moins qu&rsquo;on puiss&rsquo; dir&rsquo; c&rsquo;est qu&rsquo;on s&rsquo;est pas<br>Fait d&rsquo;\u00e9loges :<br>Nos cris r\u00e9sonn&rsquo; encore au Pa-<br>-Lais des Doges !<\/p><p>T&rsquo;as raison :<br>Vidons nos seaux de merde ici<br>Chez Lorenzo de Medicis<br>L\u00e0, dans la vill&rsquo; des amoureux<br>Tu veux qu&rsquo;on r\u00e8gle un truc ou deux ?<\/p><p>Refrain<\/p><p>Ciel gris sur la S\u00e9r\u00e9nissime\u2026<br>\u2026 Et puis le soleil nous revient<br>Tu s\u00e8ch&rsquo; tes larm&rsquo;, on se console<br>Les masqu&rsquo; autour se rallum&rsquo;, tiens :<br>Si on baisait dans un&rsquo; gondole ?<\/p><p>Jolie lun&rsquo; de fiel\u2026 En tout cas,<br>\u00c7a nous va !<br>On a quitt\u00e9 Venis&rsquo; tel Ca-<br>-Sanova\u2026<br>Mais notre amour chante un air de<br>Vivaldi<br>Jamais un voyag&rsquo; n&rsquo;est merdeux :<br>Viv&rsquo; la vie !<\/p><p>Refrain<\/p><p><\/p><p style=\"font-size:24px\"><strong>PAESE MIO<\/strong><\/p><p>Chanson extraite du film Rocco et ses fr\u00e8res de Luchino Visconti<br>(Gian Domenico Giani \/ Nino Rota)<br>Traduit par le Napolitain Anonyme et J\u00e9r\u00e9mie Bossone<\/p><p>Vai vai<br>Quann e grand o munne<br>La strada \u00e8 grande assaie<br>Nun pigl suonn<\/p><p>Bellu paese mio<br>Add\u00f9 so nato<br>O core mio cu te<br>L&rsquo;aggiu lasciato<\/p><p>Allez, allez<br>Le monde est si vaste<br>La route si longue<br>Je n&rsquo;arrive pas \u00e0 dormir<\/p><p>\u00d4 mon beau pays<br>Toi qui m&rsquo;as vu na\u00eetre<br>Mon c\u0153ur, je l&rsquo;ai laiss\u00e9<br>Avec toi<\/p><p><\/p><p style=\"font-size:24px\"><strong>SOLEIL ROMAIN<\/strong><\/p><p>Hier, si j&rsquo;en dresse un bilan<br>Notre voyage \u00e9tait trop noir<br>A peine arriv\u00e9s \u00e0 Milan<br>On a couch\u00e9 sur le trottoir<br>A Parme on s&rsquo;est fait rabrouer<br>Par les flics pour vagabondage<br>\u00c7a m&rsquo;a fait mal de voir couler<br>Ces larm&rsquo; sur ton visage\u2026<br>Mais nous entrons dans Rome<br>Triomphants<br>Autre femme, autre homme<br>Deux enfants<br>Qui s&#8217;embrass&rsquo; pr\u00e8s du Colys\u00e9e<br>Plus foll&rsquo;ment qu&rsquo;au lyc\u00e9e<br>Nous marchons sous un ciel en or<br>Je ne sais pas encore<br>Qu&rsquo;au lendemain de nos rayons<br>Tu partiras avec un autre<br>Que le bonheur dont nous r\u00eavions<br>Sera le tien, mais pas le n\u00f4tre<br>Que chaque idylle un jour s&rsquo;endort<br>Que la vie peut nous oppresser<br>Et que malgr\u00e9 ses cart&rsquo; en or<br>Notre amour est un joueur press\u00e9\u2026<br>Je sais pas \u00e7a pour l&rsquo;instant<br>Car tout est l\u00e0 et maintenant !<\/p><p>Refrain<br>Tout est l\u00e0 ! C&rsquo;est jour de paye !<br>Tout n&rsquo;est qu&rsquo;un radieux pr\u00e9sent !<br>Tout est l\u00e0, sous le soleil<br>D\u00e9ploy\u00e9 sur les amants !<br>Entre hier et demain<br>Sous le soleil de Rome<br>Entre hier et demain<br>Sous le soleil romain<\/p><p>Voir Venise, oui bien s\u00fbr, \u00e7a tente<br>Mais en hiver c&rsquo;\u00e9tait risqu\u00e9<br>La neige au matin sur la tente<br>C&rsquo;\u00e9tait beau mais &lsquo;\u00e9tait frisquet<br>Le sac au dos, le piouce en l&rsquo;air<br>On a bourlingu\u00e9 jours et nuits<br>C&rsquo;\u00e9tait pas dr\u00f4l&rsquo; ces plans gal\u00e8res<br>Nos querell&rsquo; sous la pluie\u2026<br>Mais nous entrons dans Rome<br>Apais\u00e9s<br>Autre femme, autre homme<br>Nos baisers<br>Ont un parfum de sweet sixteen<br>Dans la Chapelle Sixtine<br>Nous marchons sous un ciel en or<br>Je ne sais pas encore<br>Que toi partie, je s&rsquo;rai chanteur<br>Que c&rsquo;est un&rsquo; vie sans vraie grandeur<br>Qu&rsquo;on met dix ans pour te comprendre<br>Et dix second&rsquo; pour te descendre<br>Qu&rsquo;on r\u00e9compense en g\u00e9n\u00e9ral<br>Qui ne dit rien et le dit mal<br>Que les m\u00e9dias dans ces haut&rsquo; places<br>Ont tous fait un&rsquo; croix sur l&rsquo;audace\u2026<br>Je sais pas \u00e7a pour l&rsquo;instant<br>Car tout est l\u00e0 et maintenant !<\/p><p>Refrain<\/p><p>Hier, un si\u00e8cle avant qu&rsquo; tu partes<br>Hier, \u00e0 l&rsquo;heure o\u00f9 les ang&rsquo; rient<br>Nous habitions dans cet appart<br>Au-dessus de la boulang&rsquo;rie<br>J&rsquo;\u00e9crivais l\u00e0 des romans-fleuves<br>Tes cheveux glissaient sur mes phrases<br>Et nous corrigions les \u00e9preuves<br>En croquant des beignets framboise<br>Nous marchons sans savoir encore<br>Que nous reviendrons dans dix ans<br>Ni qu&rsquo;h\u00e9las nous serons alors<br>Deux voyageurs agonisants<br>Toi tra\u00eenant ta triste langueur<br>Et moi les bleus de ma boh\u00e8me<br>Nous marcherons le spleen au coeur<br>Sous un ciel italien trop bl\u00eame\u2026<\/p><p>Mais nous entrons dans Rome<br>En cette heure<br>Autre femme, autre homme<br>Empereurs<br>Nos deux coeurs souv&rsquo;rains \u00e9tincellent<br>Dans la Ville Eternelle<br>Nous marchons sous un ciel en or<br>Je ne sais pas encore<br>Que dans vingt ans, mon bel amour<br>Quand nos jeuness&rsquo; auront pass\u00e9<br>Qu&rsquo;il ne restera de ces jours<br>Qu&rsquo;un vieux tableau presque effac\u00e9<br>Que dans vingt ans, sur ces d\u00e9combres<br>O\u00f9 j&rsquo;aurai vu mon nom fleurir<br>Comme une \u00e9toil&rsquo; qui sort de l&rsquo;ombre<br>Parce que j&rsquo;avais des chos&rsquo; \u00e0 dire<br>Que dans vingt ans, pour toi ma belle<br>Quand tu m&rsquo;auras bris\u00e9 le coeur<br>Que t&rsquo;auras grav\u00e9 au scalpel<br>Sur mes victoir&rsquo; : \u00ab\u00a0Jamais vainqueur\u00a0\u00bb<br>Oui dans vingt ans, pour toi que j&rsquo;aime<br>Quand tu m&rsquo;auras r\u00e9duit \u00e0 rien<br>J&rsquo;\u00e9crirai mon plus grand po\u00e8me :<br>L&rsquo;album du D\u00e9cembre Italien\u2026<br>Je sais pas \u00e7a pour l&rsquo;instant<br>Car tout est l\u00e0, et maintenant !<\/p><p>Refrain<\/p><p>Entre hier et demain<br>Notre soleil, c&rsquo;est Rome<br>Entre hier et demain<br>Notre soleil romain<\/p><p><\/p><p style=\"font-size:24px\"><strong>INTERCHANGEABLES<\/strong><\/p><p>Si tu lui prends la main comme tu pris la mienne<br>Si comme on les joignait, tu joins tes l\u00e8vr&rsquo; aux siennes<br>Si l&rsquo;on vous dit ins\u00e9parables<br>Comme on l&rsquo;a dit de nous quand brillait notre \u00e2g&rsquo; d&rsquo;or<br>S&rsquo;il devient tout pour toi, comm&rsquo; je l&rsquo;\u00e9tais alors\u2026<br>C&rsquo;est qu&rsquo;on est tous interchangeables<\/p><p>Si tu march&rsquo; avec lui dans Venise en d\u00e9cembre<br>Si l&rsquo;Italie vous voit comme ell&rsquo; nous vit ensemble<br>S&rsquo;il te serr&rsquo; quand le froid t&rsquo;accable<br>S&rsquo;il t&#8217;embrass&rsquo; dans le cou en disant \u00ab&nbsp;mi amor&nbsp;\u00bb<br>Si renaiss&rsquo;nt entre vous nos vieux rir&rsquo; mis \u00e0 mort<br>C&rsquo;est qu&rsquo;on est tous interchangeables<\/p><p>Si l&rsquo;amour se limite \u00e0 r\u00e9p\u00e9ter nos gestes<br>Si toujours il imite en artisan modeste<br>Si chaque idylle est formidable<br>Si ce gars-l\u00e0 te pla\u00eet comme moi je t&rsquo;ai plu<br>S&rsquo;il devient \u00e0 son tour ce que je ne suis plus<br>C&rsquo;est qu&rsquo;on est tous interchangeables<\/p><p>Mais quand vos jours heureux auront un peu pass\u00e9<br>Quand de cet amoureux ton c\u0153ur sera lass\u00e9<br>Quand tu le trouv&rsquo;ras m\u00e9prisable<br>Peut-\u00eatre alors qu&rsquo;en toi chant&rsquo;ront nos jours anciens<br>Et qu&rsquo;en l\u00e2chant ses bras tu tomb&rsquo;ras dans les miens<br>Puisqu&rsquo;on est tous\u2026 Oui, qu&rsquo;on est tous interchangeables<\/p><p><\/p><p style=\"font-size:24px\"><strong>ELLE M\u2019A PR\u00caT\u00c9 SA MAIN MAIS PAS SON C\u0152UR<\/strong><\/p><p>Bien qu\u2019ell\u2019 se montr\u00e2t polie<br>Avec moi dans Napoli<br>Au milieu des orang\u2019 et des scooters<br>Bien qu\u2019ensemble on ait vu Naples<br>Toujours ell\u2019 fut raisonnable<br>Ell\u2019 m\u2019a pr\u00eat\u00e9 sa main mais pas son c\u0153ur<\/p><p>Sur la baie o\u00f9 les vagu\u2019 fondent<br>La plus jolie baie du monde<br>Parfois j\u2019effleurais sa joue par erreur<br>Ell\u2019 s\u2019\u00e9cartait sans un bruit<br>Nous croquions dans nos biscuits<br>Ell\u2019 me pr\u00eatait sa main mais pas son c\u0153ur<\/p><p>Campagne napolitaine<br>Hiver sans manteau de laine<br>L\u2019amour alors n\u2019\u00e9tait-il pas vainqueur&nbsp;?<br>Le dir\u2019 serait d\u00e9gueulasse<br>Car je dois avouer qu\u2019 h\u00e9las<br>Ell\u2019 me pr\u00eatait sa main mais pas son c\u0153ur<\/p><p>A Salerno, sous la pluie<br>Je tenais le parapluie<br>Le vent fripon l\u2019ouvrait comme une fleur<br>Nous marchions le long du port<br>Je la vois sourire encore<br>Ell\u2019 me pr\u00eatait sa main mais pas son c\u0153ur<\/p><p>J\u2019ai fait le pitre, elle a ri<br>Comme autrefois \u00e0 Paris<br>Quand flamboyaient nos ann\u00e9es de bonheur<br>Mais ce temps para\u00eet lointain<br>L\u2019amour br\u00fble et il s\u2019\u00e9teint<br>Ell\u2019 m\u2019a pr\u00eat\u00e9 sa main mais pas son c\u0153ur<\/p><p><\/p><p style=\"font-size:24px\"><strong>DIS \u00c0 TA M\u00c8RE<\/strong><\/p><p>Petit&rsquo; fill&rsquo;, si tu veux bien, quand tu verras ta m\u00e8re<br>Dis lui que je me souviens de nos ann\u00e9es d&rsquo;amour<br>Dis lui que s&rsquo;il va et vient comme un&rsquo; bouteille en mer<br>Mon c\u0153ur entre mal et bien s&rsquo;est noy\u00e9 dans ces jours\u2026<br>Que De Vinci me pardonn&rsquo;, mais s&rsquo;il n&rsquo;existe au monde<br>Qu&rsquo;un seul sourir&rsquo; pour Bosson&rsquo;, c&rsquo;est pas c&rsquo;ui d&rsquo; la Joconde<br>Et s&rsquo;il n&rsquo;est qu&rsquo;un seul enfer, je le connais, pardi&nbsp;:<br>C&rsquo;est ce triste jour d&rsquo;hiver o\u00f9 mon grand amour est parti<\/p><p>Refrain&nbsp;:<br>Dis \u00e0 ta m\u00e8re<br>Que je me souviens<br>De tout le mal et tout le bien<br>Dis \u00e0 ta m\u00e8re<br>Dis lui surtout combien je\u2026<br>Dis lui surtout combien je\u2026<br>Non, ne dis rien<\/p><p>Je revois ces trains d&rsquo;automne et nos \u00ab&nbsp;je t&rsquo;aime&nbsp;\u00bb en gare<br>Son beau visag&rsquo; de madone et son corps de manga<br>Elle avec sa rob&rsquo; chinoise et moi le feu des qu\u00eates<br>Nous marchions dans les \u00e9toil&rsquo; et dans l&rsquo;oeil des temp\u00eates<br>Je revois nos d\u00e9saccords, la vaissell&rsquo; qu&rsquo;on foudroie<br>On a beau s&rsquo;aimer tr\u00e8s fort, on aim&rsquo; chacun pour soi<br>On a beau s&rsquo;aimer tr\u00e8s fort, l&rsquo;un des deux part un jour<br>C&rsquo;est loin, mais j&rsquo;entends encor le bruit de ses pas dans la cour<\/p><p>Refrain<\/p><p>Et j&rsquo;entends sa voix me dire&nbsp;:<br>\u00ab&nbsp;Je suis enceint&rsquo;\u2026 Je le garde&nbsp;!&nbsp;\u00bb<br>Et le b\u00e9b\u00e9 dont ell&rsquo; parle<br>Ce s&rsquo;ra toi<br>Et je me revois bl\u00eamir<br>M&rsquo;\u00e9crouler en \u00e9touffant<br>Car le papa de l&rsquo;enfant<br>C&rsquo;est pas moi<\/p><p>Et te voil\u00e0\u2026<\/p><p>L&rsquo;amour, c&rsquo;est des fleurs, des cris, tu verras par toi-m\u00eame<br>Des jours heureux aux jours gris, on gagne, on perd, on aime&nbsp;!<br>Vivre est un sprint et l&rsquo;on court, mais nul n&rsquo;arriv&rsquo; debout<br>Car si nous servons l&rsquo;amour, l&rsquo;amour se sert de nous<br>Et te voil\u00e0, je t&#8217;emb\u00eat&rsquo;\u2026 Petit&rsquo; fill&rsquo;, m&rsquo;en veux-tu&nbsp;?<br>Que peuv&rsquo; te fair&rsquo; nos temp\u00eat&rsquo; et nos ann\u00e9es perdues&nbsp;?<br>Pardon si pour moi, te voir, c&rsquo;est voir ta m\u00e8r&rsquo; bien s\u00fbr\u2026<br>C&rsquo;est dans les petits miroirs que le Temps met les grand&rsquo; blessures<\/p><p>Refrain<\/p><p><\/p><p style=\"font-size:24px\"><strong>LA PRIMA NOTTE DI QUIETE<\/strong><br>(\u00ab\u00a0La Premi\u00e8re nuit de qui\u00e9tude\u00a0\u00bb, d&rsquo;apr\u00e8s un vers attribu\u00e9 \u00e0 Goethe, et un film de Valerio Zurlini)<\/p><p>Un millier d&rsquo;ann\u00e9es apr\u00e8s nous<br>Me voil\u00e0 devant tes photos<br>Comme un petit moine \u00e0 genoux<br>Devant les anges de Giotto<br>Mon coeur sur tes soleils s&#8217;empale<br>Ma joie sombre en catimini<br>Mes jours sont des jongleurs sans balle<br>Gris comm&rsquo; l&rsquo;hiver \u00e0 Rimini<br>Mais\u2026<\/p><p>Marcher dans la neige avec toi<br>Marcher dans la neige avec toi<br>Avec toi<\/p><p>Je vis seul depuis ce jour-l\u00e0<br>Ton d\u00e9part m&rsquo;a dit qui j&rsquo;\u00e9tais<br>Je vis mais j&rsquo;attends toujours la<br>Prima notte di quiete\u2026<br>Curieux ce monde o\u00f9 tout s&rsquo;\u00e9teint<br>C&rsquo;est d\u00e9j\u00e0 si loin l&rsquo;Italie<br>Un beau r\u00eave ? Oui, c&rsquo;en \u00e9tait un<br>On r\u00eave, et puis l&rsquo;on vit sa vie<br>Mais\u2026<\/p><p>Marcher dans la neige avec toi<br>Marcher dans la neige avec toi<br>Avec toi<\/p><p>Toi dans Rome avec ma chemise<br>Toi qui croque un bout de pizza<br>Toi sur ce pont jaune \u00e0 Venise<br>Toi qui contemple une piet\u00e0<\/p><p>Pardon pour tous les mots de haine<br>Que j&rsquo;ai parfois mis dans mes vers<br>Tu sais quand on a trop de peine<br>L&rsquo;amour lui-m\u00eame hurle \u00e0 l&rsquo;envers<br>Ce soir je n&rsquo;ai pas de rancoeur<br>Aimer, c&rsquo;est juste ha\u00efr en vain<br>J&rsquo;ai tes photos, l\u00e0, sur mon coeur<br>Ce soir je vais peut-\u00eatre enfin\u2026<\/p><p>Marcher dans la neige avec toi<br>Marcher dans la neige avec toi<br>Avec toi<\/p><p>J&rsquo;attends ma Notte<br>Ma Prima notte\u2026<br>J&rsquo;attends ma Notte<br>Notte di quiete\u2026<br>Et tu me manques<br>Et tu me manques tant !<\/p><p>Marcher dans la neige avec toi<br>Marcher dans la neige avec toi<br>Avec toi<\/p><p><\/p>","protected":false},"excerpt":{"rendered":"<p>LE DECEMBRE ITALIEN Nous voyagions cet hiver l\u00e0Loin de la France et du verglasNotre amour \u00e9tait plus joliSous le ciel bleu de l\u2019ItalieJe suivais ses cheveux nou\u00e9sLes chemins \u00e9taient \u00e0<\/p>\n<p class=\"more-link\"><a href=\"https:\/\/www.jeremiebossone.com\/?page_id=176\" class=\"readmore\">Continue reading&#8230;<span class=\"screen-reader-text\">LE DECEMBRE ITALIEN (Paroles)<\/span><\/a><\/p>\n","protected":false},"author":1,"featured_media":0,"parent":0,"menu_order":0,"comment_status":"closed","ping_status":"closed","template":"","meta":{"footnotes":""},"class_list":["post-176","page","type-page","status-publish","hentry"],"_links":{"self":[{"href":"https:\/\/www.jeremiebossone.com\/index.php?rest_route=\/wp\/v2\/pages\/176","targetHints":{"allow":["GET"]}}],"collection":[{"href":"https:\/\/www.jeremiebossone.com\/index.php?rest_route=\/wp\/v2\/pages"}],"about":[{"href":"https:\/\/www.jeremiebossone.com\/index.php?rest_route=\/wp\/v2\/types\/page"}],"author":[{"embeddable":true,"href":"https:\/\/www.jeremiebossone.com\/index.php?rest_route=\/wp\/v2\/users\/1"}],"replies":[{"embeddable":true,"href":"https:\/\/www.jeremiebossone.com\/index.php?rest_route=%2Fwp%2Fv2%2Fcomments&post=176"}],"version-history":[{"count":2,"href":"https:\/\/www.jeremiebossone.com\/index.php?rest_route=\/wp\/v2\/pages\/176\/revisions"}],"predecessor-version":[{"id":180,"href":"https:\/\/www.jeremiebossone.com\/index.php?rest_route=\/wp\/v2\/pages\/176\/revisions\/180"}],"wp:attachment":[{"href":"https:\/\/www.jeremiebossone.com\/index.php?rest_route=%2Fwp%2Fv2%2Fmedia&parent=176"}],"curies":[{"name":"wp","href":"https:\/\/api.w.org\/{rel}","templated":true}]}}