{"id":211,"date":"2023-12-06T12:19:24","date_gmt":"2023-12-06T11:19:24","guid":{"rendered":"https:\/\/www.jeremiebossone.com\/?page_id=211"},"modified":"2026-03-02T10:28:48","modified_gmt":"2026-03-02T09:28:48","slug":"concerts_v20","status":"publish","type":"page","link":"https:\/\/www.jeremiebossone.com\/?page_id=211","title":{"rendered":"CONCERTS"},"content":{"rendered":"<div class=\"wp-block-group has-black-background-color has-background\"><div class=\"wp-block-group__inner-container is-layout-constrained wp-block-group-is-layout-constrained\"><p class=\"has-text-align-center has-white-color has-text-color has-link-color has-normal-font-size wp-elements-68fec08b4f895891a6dfd7be18870edf\">Pour tout renseignement ou pour effectuer une r\u00e9servation, <\/p>\n\n<p class=\"has-text-align-center has-white-color has-text-color has-link-color has-normal-font-size wp-elements-2fce89b7eb8157a954a8821489b17c41\">N&rsquo;h\u00e9sitez pas \u00e0 nous contacter<\/p>\n\n<p class=\"has-text-align-center has-white-color has-text-color has-link-color has-normal-font-size wp-elements-52921bc6d74dfb1eed7d343e03461c81\"> &gt;<a href=\"https:\/\/www.jeremiebossone.com\/?page_id=11\" data-type=\"link\" data-id=\"https:\/\/www.jeremiebossone.com\/?page_id=11\"> ICI &lt;<\/a><\/p>\n\n<p class=\"has-text-align-left has-dark-yellow-color has-text-color has-link-color wp-elements-2d2b5c6d1de9e12f77b2144e910f8e0b\" style=\"font-size:32px;letter-spacing:10px\"><strong><em>2 0 2 6<\/em><\/strong><\/p>\n\n<p class=\"has-white-color has-text-color has-link-color wp-elements-cb695092e0d123f4a4337eb5077355f0\" style=\"font-size:10px\"><strong><s>15\/01  AZAY-SUR-CHER (37) \/<em>&nbsp;<\/em><\/s><\/strong><em><s>La Touline<\/s><\/em><\/p>\n\n<p class=\"has-white-color has-text-color has-link-color wp-elements-288e6fa6fc489871eaaf608959f44706\" style=\"font-size:10px\"><strong><s>16\/01  AZAY-SUR-CHER (37) \/<em>&nbsp;<\/em><\/s><\/strong><em><s>La Touline<\/s><\/em><\/p>\n\n<p class=\"has-white-color has-text-color has-link-color wp-elements-8508cd181731a6493dc0dd5923f646ed\" style=\"font-size:10px\"><strong><s>06\/02  FORCALQUIER (04) \/<\/s><\/strong><em><s>&nbsp;Th\u00e9\u00e2tre de La Rirette<\/s><\/em> : <strong>ANNULE<\/strong><\/p>\n\n<p class=\"has-light-gray-color has-text-color has-link-color wp-elements-c476caba37351b48ad44b6bfc692858a\" style=\"font-size:10px\"><strong><s>07\/02  VENELLES (13) \/ <\/s><\/strong><em><s>L&rsquo;Etincelle, <em>MJC Allain Leprest<\/em><\/s><\/em><\/p>\n\n<p class=\"has-white-color has-text-color has-link-color wp-elements-d750d28a220444cdafcff5591ca4c357\" style=\"font-size:10px\"><strong><s>08\/02  MALLEFOUGASSE-AUGES (04) \/&nbsp;<\/s><\/strong><em><s>Salle des f\u00eates<\/s><\/em><\/p>\n\n<p class=\"has-white-color has-text-color has-link-color wp-elements-778d9fe2bd007f8b4e26606ee01063d6\" style=\"font-size:10px\"><strong><s>28\/02  PAYS D&rsquo;ORTHE ET ARRIGANS (40) \/\u00a0<\/s><\/strong><em><s>Festival l\u2019\u00c9moi des Mots<\/s><\/em><\/p>\n\n<p class=\"has-white-color has-text-color has-link-color wp-elements-661bec12189a1ecfe97ec789448d8478\" style=\"font-size:15px\"><strong>05\/03  POITIERS (86) \/\u00a0<\/strong><em>Lyc\u00e9e du Bois d&rsquo;Amour<\/em> [Concert r\u00e9serv\u00e9s aux lyc\u00e9ens dans le cadre de la semaine culturelle]<\/p>\n\n<p class=\"has-white-color has-text-color has-link-color wp-elements-b292f3c565c421c8c07b2eb5550825f8\" style=\"font-size:15px\"><strong>21\/03  TAIN-L&rsquo;HERMITAGE (26) \/&nbsp;<\/strong><em>La Caval&rsquo;Arte<\/em><\/p>\n\n<p class=\"has-white-color has-text-color has-link-color wp-elements-23186f2f88c45fdd4343b7d216eb3fe8\" style=\"font-size:15px\"><strong>26\/03  TINQUEUX (51) \/&nbsp;<\/strong><em>Chez l&rsquo;Habitant<\/em><\/p>\n\n<p class=\"has-white-color has-text-color has-link-color wp-elements-902bf1e04197aa808b75c4b8d6977b7f\" style=\"font-size:15px\"><strong>27\/03  TINQUEUX (51) \/&nbsp;<\/strong><em>Chez l&rsquo;Habitant<\/em><\/p>\n\n<p class=\"has-white-color has-text-color has-link-color wp-elements-3748e2a5601ff58a77521faa36fdd599\" style=\"font-size:15px\"><strong>28\/03  TROYES (10) \/&nbsp;<\/strong><em>Festival Troyes Chante<\/em><\/p>\n\n<p class=\"has-white-color has-text-color has-link-color wp-elements-2b1f68f973b7f2d52ab83cf4f17c3a7e\" style=\"font-size:15px\"><strong>29\/03  TROYES (10) \u00e0 pr\u00e9ciser \/&nbsp;<\/strong><em>Festival Troyes Chante<\/em><\/p>\n\n<p class=\"has-white-color has-text-color has-link-color wp-elements-9aea379d69e11cb10936028c3014586d\" style=\"font-size:15px\"><strong>24\/04  MARBOZ (01) \/&nbsp;<\/strong><em>Chez l&rsquo;Habitant<\/em><\/p>\n\n<p class=\"has-light-gray-color has-text-color has-link-color wp-elements-e708535916a169515badafcce18311d1\" style=\"font-size:15px\"><strong>25\/04  GENEVE (Suisse) \/&nbsp;<\/strong><em>Chez l&rsquo;Habitant<\/em><\/p>\n\n<p class=\"has-light-gray-color has-text-color has-link-color wp-elements-422de7bb8e7c7ec8aff37aa32527abad\" style=\"font-size:15px\"><strong>26\/04  RUFFEY-SUR-SEILLE (39) \/&nbsp;<\/strong><em>Chants d\u2019\u00c9toile<\/em><\/p>\n\n<p class=\"has-white-color has-text-color has-link-color wp-elements-2200ae8a15ea931a15a165dffeaee0e5\" style=\"font-size:15px\"><strong>09\/05  NOGENT (52) <\/strong><em>\/&nbsp;Festival Dimey&nbsp;\/ <\/em>Spectacle collectif&nbsp;<em>Nous avons tout m\u00e9lang\u00e9&nbsp;<\/em>(avec Laurent Berger, Fr\u00e9d\u00e9ric Bobin, Vaslo)<\/p>\n\n<p class=\"has-white-color has-text-color has-link-color wp-elements-1a32354e5694c3205b0fdd96230ae29b\" style=\"font-size:15px\"><strong>25\/05  MOUHET (36) \/<\/strong>&nbsp;<em>Festiv&rsquo;en Marche<\/em>&nbsp;<\/p>\n\n<p class=\"has-white-color has-text-color has-link-color wp-elements-aba01e9ccac6578f159ecf1cd2d28bca\" style=\"font-size:15px\"><strong>30\/05  VIRICELLES (42) <\/strong>\/ <em>Carte blanche \u00e0 Eric Frasiak<\/em>, avec Fr\u00e9d\u00e9ric Bobin, Fran\u00e7ois Buffaud et R\u00e9gis Cunin<\/p>\n\n<p class=\"has-white-color has-text-color has-link-color wp-elements-87d23a5c6801aef053da8d4c283aa3dc\" style=\"font-size:15px\"><strong>31\/05  DRAGUIGNAN (83) <\/strong>\/ <em>Chez l&rsquo;Habitant<\/em> \/ Solo Acoustique<\/p>\n\n<p class=\"has-white-color has-text-color has-link-color wp-elements-2b0a0a4c687d0df0eb3b398d87694a18\" style=\"font-size:15px\"><strong>05\/06  MARIEULLES (57) \/&nbsp;<\/strong><em>Chez l&rsquo;Habitant<\/em><\/p>\n\n<p class=\"has-white-color has-text-color has-link-color wp-elements-ec1f87a0abf564a59bf1896ec7e18123\" style=\"font-size:15px\"><strong>06\/06  EGLISENEUVE-PRES-BILLOM (63) \/ <\/strong><em>Festival Beauvallon en Chansons<\/em><\/p>\n\n<p class=\"has-white-color has-text-color has-link-color wp-elements-f2174ef247bb499aeff73a628116e371\" style=\"font-size:15px\"><strong>12\/06  LYON (69)<\/strong> \/\u00a0<em>A Thou Bout d&rsquo;Chant<\/em><\/p>\n\n<p class=\"has-white-color has-text-color has-link-color wp-elements-cfa0df9eec8c10ca291d16b5f5ec7562\" style=\"font-size:15px\"><strong>13\/06  SILLANS (38) <\/strong>\/\u00a0<em>Festival Bal des Arts<\/em><\/p>\n\n<p class=\"has-white-color has-text-color has-link-color wp-elements-d59022efaf90be5b7860ae9d30fb9621\" style=\"font-size:15px\"><strong>14\/06  SAINT-SULPICE (73) <\/strong>\/&nbsp;<em>Chez l&rsquo;Habitant<\/em><\/p>\n\n<p class=\"has-white-color has-text-color has-link-color wp-elements-cde98f6270cc66add8c3cda1048854e8\" style=\"font-size:15px\"><strong>18\/07  SEGUR-LE-CHATEAU (19)<\/strong> \/ <em>SCIC La Ruelle<\/em><\/p>\n\n<p class=\"has-white-color has-text-color has-link-color wp-elements-33c768eeee57ab91f3199aed46ed738d\" style=\"font-size:15px\"><strong>22\/08  BEAUCOURT-SUR-L&rsquo;HALLU (80)<\/strong> \/ <em>Festival L&rsquo;Hallue Met Le Feu<\/em><\/p>\n\n<p class=\"has-white-color has-text-color has-link-color wp-elements-dd35fc152a9ef365dba2552a4b13f9ec\" style=\"font-size:15px\"><strong>02\/10  LA-CHAUX-DU-MILIEU (SUISSE) <\/strong>\/ <em>Le Moultipass<\/em><\/p>\n\n<p class=\"has-white-color has-text-color has-link-color wp-elements-42f4ada9f7ea535fe633ea5dd51faa1c\" style=\"font-size:15px\"><strong>03\/10  VUITEBOEUF (SUISSE) <\/strong>\/ <em>Concert \u00e0 la Cave<\/em>\u00a0(priv\u00e9)<\/p>\n\n<p class=\"has-white-color has-text-color has-link-color wp-elements-c7a139dcf51c82d555fd34accf6f3174\" style=\"font-size:15px\"><strong>18\/12  SAINT-SYLVESTRE-CAPPEL (59)<\/strong> \/&nbsp;<em>L&rsquo;Estaminet des Mots \u00e0 la Bouche<\/em><\/p>\n\n<p class=\"has-white-color has-text-color has-link-color wp-elements-a77a58d15667f9a994fa07fac617327d\" style=\"font-size:15px\"><strong>19\/12  POPERINGE (BELGIQUE)<\/strong> \/&nbsp;<em>Salle D&rsquo;n Aria<\/em><\/p>\n\n<p><\/p>\n\n<p class=\"has-dark-yellow-color has-text-color has-link-color wp-elements-8f4a9102b1cbfdf064280a2ff030b522\" style=\"font-size:32px\"><strong><em>2 0 2 <\/em>7<\/strong><\/p>\n\n<p class=\"has-white-color has-text-color has-link-color wp-elements-21e7c5ba773f19f432b5007b975bce9f\" style=\"font-size:15px\"><strong>05\/02  FORCALQUIER (04) <\/strong>\/\u00a0<em>La Rirette<\/em><\/p>\n\n<p class=\"has-white-color has-text-color has-link-color wp-elements-356c1f9ae898c240f5e9f42cbaa79852\" style=\"font-size:15px\"><strong>06\/02  PERTUIS (84) <\/strong>\/\u00a0<em>Le 51<\/em><\/p>\n\n<p class=\"has-white-color has-text-color has-link-color wp-elements-3a946d4ce71b07d4aed459842f471bc1\" style=\"font-size:15px\"><strong>07\/02  MONTLAUX (04) <\/strong>\/ <em>Salle Culture &amp; Loisirs<\/em><\/p>\n\n<p class=\"has-white-color has-text-color has-link-color wp-elements-07a8a8a3fb4e6049e79ee22dc9c79221\" style=\"font-size:15px\"><strong>13\/02  TRIORS (26) <\/strong>\/&nbsp;<em>Chez l&rsquo;Habitant<\/em><\/p>\n\n<p class=\"has-white-color has-text-color has-link-color wp-elements-898663609b075401ab420fbbf361fcd1\" style=\"font-size:15px\"><strong>27\/03  PLAINTEL (22) <\/strong>\/\u00a0<em>Concert collectif<\/em><\/p>\n\n<p class=\"has-white-color has-text-color has-link-color wp-elements-47ec7fbe0c1ad06af0d3c404bc25a575\" style=\"font-size:15px\"><strong>02\/04  BEAUCOURT (90) <\/strong>\/\u00a0<em>La Maison de Beaucourt<\/em><\/p>\n\n<p class=\"has-text-align-left has-dark-yellow-color has-black-background-color has-text-color has-background has-link-color wp-elements-5bccfe346483f7fd5d16d6b114f241b4\" style=\"font-size:32px;letter-spacing:10px\"><\/p>\n\n<p><\/p>\n\n<p><\/p>\n\n<p><\/p><\/div><\/div>","protected":false},"excerpt":{"rendered":"<p>Pour tout renseignement ou pour effectuer une r\u00e9servation, N&rsquo;h\u00e9sitez pas \u00e0 nous contacter &gt; ICI &lt; 2 0 2 6 15\/01 AZAY-SUR-CHER (37) \/&nbsp;La Touline 16\/01 AZAY-SUR-CHER (37) \/&nbsp;La Touline<\/p>\n<p class=\"more-link\"><a href=\"https:\/\/www.jeremiebossone.com\/?page_id=211\" class=\"readmore\">Continue reading&#8230;<span class=\"screen-reader-text\">CONCERTS<\/span><\/a><\/p>\n","protected":false},"author":1,"featured_media":0,"parent":0,"menu_order":0,"comment_status":"closed","ping_status":"closed","template":"templates\/no-sidebar.php","meta":{"footnotes":""},"class_list":["post-211","page","type-page","status-publish","hentry"],"_links":{"self":[{"href":"https:\/\/www.jeremiebossone.com\/index.php?rest_route=\/wp\/v2\/pages\/211","targetHints":{"allow":["GET"]}}],"collection":[{"href":"https:\/\/www.jeremiebossone.com\/index.php?rest_route=\/wp\/v2\/pages"}],"about":[{"href":"https:\/\/www.jeremiebossone.com\/index.php?rest_route=\/wp\/v2\/types\/page"}],"author":[{"embeddable":true,"href":"https:\/\/www.jeremiebossone.com\/index.php?rest_route=\/wp\/v2\/users\/1"}],"replies":[{"embeddable":true,"href":"https:\/\/www.jeremiebossone.com\/index.php?rest_route=%2Fwp%2Fv2%2Fcomments&post=211"}],"version-history":[{"count":97,"href":"https:\/\/www.jeremiebossone.com\/index.php?rest_route=\/wp\/v2\/pages\/211\/revisions"}],"predecessor-version":[{"id":573,"href":"https:\/\/www.jeremiebossone.com\/index.php?rest_route=\/wp\/v2\/pages\/211\/revisions\/573"}],"wp:attachment":[{"href":"https:\/\/www.jeremiebossone.com\/index.php?rest_route=%2Fwp%2Fv2%2Fmedia&parent=211"}],"curies":[{"name":"wp","href":"https:\/\/api.w.org\/{rel}","templated":true}]}}