{"id":317,"date":"2024-12-05T06:00:21","date_gmt":"2024-12-05T05:00:21","guid":{"rendered":"https:\/\/www.jeremiebossone.com\/?post_type=product&#038;p=317"},"modified":"2025-01-07T14:21:46","modified_gmt":"2025-01-07T13:21:46","slug":"cherokee-rose","status":"publish","type":"product","link":"https:\/\/www.jeremiebossone.com\/?product=cherokee-rose","title":{"rendered":"CHEROKEE ROSE"},"content":{"rendered":"<h5><strong>CHEROKEE ROSE<\/strong><\/h5>\n<h6><strong>SORTIE LE 17-01-2025<\/strong><\/h6>\n<p>P\u00e9tri d&rsquo;amour et de rage, l&rsquo;album <i>Cherokee Rose <\/i>oscille entre r\u00e9cits intimes (narrant des qu\u00eates existentielles, sentimentales, sportives ou artistiques) et critiques sociales.<\/p>\n<p>On y passe de chansons incarn\u00e9es \u00e0 des raps \u00e9piques, d&rsquo;un road-movie teint\u00e9 d&rsquo;accents synthpop \u00e0 des ballades folk revendicatrices ou tress\u00e9es d&rsquo;arp\u00e8ges buckleyiens.<\/p>\n<p>Les textes affichent une \u00e9criture rigoureuse, d\u00e9ployant tant\u00f4t un classicisme \u00e0 la Brassens, tant\u00f4t des flows ac\u00e9r\u00e9s dignes des MCs les plus inspir\u00e9s du Rap Game.<\/p>\n<p>La musique y joint son relief dramatique, tour \u00e0 tour orchestral, acoustique, \u00e9lectro.<\/p>\n<p><i>Cherokee Rose <\/i>est un album cin\u00e9matographique et d\u00e9bordant d&rsquo;humanit\u00e9. A fleur de peau, \u00e0 fleur de monde. Inclassable. A la crois\u00e9e de Brel, Eminem, Bob Dylan, Kavinsky, Wagner&#8230;<\/p>\n<p>En un mot\u00a0: Bossonien.<\/p>\n","protected":false},"excerpt":{"rendered":"<p>Drama Pop. Rap \u00e9pique. Chanson narrative.<\/p>\n<p>A la crois\u00e9e de Brel, Eminem, Bob Dylan, Kavinsky, Wagner&#8230; &hellip; <a href=\"https:\/\/www.jeremiebossone.com\/?product=cherokee-rose\" class=\"more-link\"><span class=\"readmore\">Continue reading&#8230;<span class=\"screen-reader-text\">CHEROKEE ROSE<\/span><\/span><\/a><\/p>\n","protected":false},"featured_media":318,"template":"","meta":[],"product_cat":[19],"product_tag":[],"class_list":{"0":"post-317","1":"product","2":"type-product","3":"status-publish","4":"has-post-thumbnail","6":"product_cat-albums","8":"first","9":"instock","10":"shipping-taxable","11":"purchasable","12":"product-type-simple"},"_links":{"self":[{"href":"https:\/\/www.jeremiebossone.com\/index.php?rest_route=\/wp\/v2\/product\/317","targetHints":{"allow":["GET"]}}],"collection":[{"href":"https:\/\/www.jeremiebossone.com\/index.php?rest_route=\/wp\/v2\/product"}],"about":[{"href":"https:\/\/www.jeremiebossone.com\/index.php?rest_route=\/wp\/v2\/types\/product"}],"wp:featuredmedia":[{"embeddable":true,"href":"https:\/\/www.jeremiebossone.com\/index.php?rest_route=\/wp\/v2\/media\/318"}],"wp:attachment":[{"href":"https:\/\/www.jeremiebossone.com\/index.php?rest_route=%2Fwp%2Fv2%2Fmedia&parent=317"}],"wp:term":[{"taxonomy":"product_cat","embeddable":true,"href":"https:\/\/www.jeremiebossone.com\/index.php?rest_route=%2Fwp%2Fv2%2Fproduct_cat&post=317"},{"taxonomy":"product_tag","embeddable":true,"href":"https:\/\/www.jeremiebossone.com\/index.php?rest_route=%2Fwp%2Fv2%2Fproduct_tag&post=317"}],"curies":[{"name":"wp","href":"https:\/\/api.w.org\/{rel}","templated":true}]}}