{"id":77,"date":"2021-09-12T21:18:34","date_gmt":"2021-09-12T19:18:34","guid":{"rendered":"https:\/\/www.jeremiebossone.com\/?post_type=product&#038;p=77"},"modified":"2021-09-13T09:43:34","modified_gmt":"2021-09-13T07:43:34","slug":"les-melancolies-pirates","status":"publish","type":"product","link":"https:\/\/www.jeremiebossone.com\/?product=les-melancolies-pirates","title":{"rendered":"LES MELANCOLIES PIRATES"},"content":{"rendered":"<p>Ce disque est un voyage en territoire inconnu.<\/p>\n<p>Plus qu&rsquo;un album, c&rsquo;est un crossover, la rencontre de deux univers distincts, une \u00e9trange collaboration entre le chanteur J\u00e9r\u00e9mie Bossone et son alter ego, l&rsquo;aventurier Kapuche, perdu en mer sur son radeau.<\/p>\n<p>Album baroque, tour \u00e0 tour f\u00e9roce et nostalgique, <em>Les M\u00e9lancolies Pirates<\/em> est une exp\u00e9rience de la d\u00e9mesure, un tourbillon ravageur o\u00f9 se c\u00f4toient fresques \u00e9piques et chansons pop, souvenirs d&rsquo;enfance et qu\u00eate d&rsquo;absolu, rire et violence, rap et rock, Bossone et Kapuche.<\/p>\n","protected":false},"excerpt":{"rendered":"<p>Ce disque est un voyage en territoire inconnu. Plus qu&rsquo;un album, c&rsquo;est un crossover, la rencontre de deux univers distincts, une \u00e9trange collaboration entre le chanteur J\u00e9r\u00e9mie Bossone et son<\/p>\n<p class=\"more-link\"><a href=\"https:\/\/www.jeremiebossone.com\/?product=les-melancolies-pirates\" class=\"readmore\">Continue reading&#8230;<span class=\"screen-reader-text\">LES MELANCOLIES PIRATES<\/span><\/a><\/p>\n","protected":false},"featured_media":78,"template":"","meta":[],"product_cat":[19],"product_tag":[],"class_list":{"0":"post-77","1":"product","2":"type-product","3":"status-publish","4":"has-post-thumbnail","6":"product_cat-albums","8":"first","9":"instock","10":"shipping-taxable","11":"purchasable","12":"product-type-simple"},"_links":{"self":[{"href":"https:\/\/www.jeremiebossone.com\/index.php?rest_route=\/wp\/v2\/product\/77","targetHints":{"allow":["GET"]}}],"collection":[{"href":"https:\/\/www.jeremiebossone.com\/index.php?rest_route=\/wp\/v2\/product"}],"about":[{"href":"https:\/\/www.jeremiebossone.com\/index.php?rest_route=\/wp\/v2\/types\/product"}],"wp:featuredmedia":[{"embeddable":true,"href":"https:\/\/www.jeremiebossone.com\/index.php?rest_route=\/wp\/v2\/media\/78"}],"wp:attachment":[{"href":"https:\/\/www.jeremiebossone.com\/index.php?rest_route=%2Fwp%2Fv2%2Fmedia&parent=77"}],"wp:term":[{"taxonomy":"product_cat","embeddable":true,"href":"https:\/\/www.jeremiebossone.com\/index.php?rest_route=%2Fwp%2Fv2%2Fproduct_cat&post=77"},{"taxonomy":"product_tag","embeddable":true,"href":"https:\/\/www.jeremiebossone.com\/index.php?rest_route=%2Fwp%2Fv2%2Fproduct_tag&post=77"}],"curies":[{"name":"wp","href":"https:\/\/api.w.org\/{rel}","templated":true}]}}