{"id":79,"date":"2021-09-12T21:20:35","date_gmt":"2021-09-12T19:20:35","guid":{"rendered":"https:\/\/www.jeremiebossone.com\/?post_type=product&#038;p=79"},"modified":"2021-09-13T09:45:00","modified_gmt":"2021-09-13T07:45:00","slug":"le-decembre-italien","status":"publish","type":"product","link":"https:\/\/www.jeremiebossone.com\/?product=le-decembre-italien","title":{"rendered":"LE DECEMBRE ITALIEN"},"content":{"rendered":"<p>Apr\u00e8s la d\u00e9mesure baroque des <em>M\u00e9lancolies Pirates<\/em>, <em>Le D\u00e9cembre italien<\/em> marque un retour au romantisme acoustique, autre paysage musical cher \u00e0 J\u00e9r\u00e9mie Bossone.<\/p>\n<p>Cet album ax\u00e9 sur la rupture amoureuse fait la part belle aux guitares qui d\u00e9roulent arp\u00e8ges et sonorit\u00e9s brillantes. Voyage sentimental \u00e0 la fois g\u00e9ographique et int\u00e9rieur, transcendance nostalgique, suite de visions jaillies de la mythologie intime.<\/p>\n<p>Que reste-t-il apr\u00e8s le d\u00e9part de l&rsquo;\u00eatre aim\u00e9, apr\u00e8s l&rsquo;Italie, la douleur et le souvenir ? Il reste dix chansons d&rsquo;amour, intemporelles empreintes dans la neige du coeur.<\/p>\n","protected":false},"excerpt":{"rendered":"<p>Apr\u00e8s la d\u00e9mesure baroque des M\u00e9lancolies Pirates, Le D\u00e9cembre italien marque un retour au romantisme acoustique, autre paysage musical cher \u00e0 J\u00e9r\u00e9mie Bossone. Cet album ax\u00e9 sur la rupture amoureuse<\/p>\n<p class=\"more-link\"><a href=\"https:\/\/www.jeremiebossone.com\/?product=le-decembre-italien\" class=\"readmore\">Continue reading&#8230;<span class=\"screen-reader-text\">LE DECEMBRE ITALIEN<\/span><\/a><\/p>\n","protected":false},"featured_media":80,"template":"","meta":[],"product_cat":[19],"product_tag":[],"class_list":{"0":"post-79","1":"product","2":"type-product","3":"status-publish","4":"has-post-thumbnail","6":"product_cat-albums","8":"first","9":"instock","10":"shipping-taxable","11":"purchasable","12":"product-type-simple"},"_links":{"self":[{"href":"https:\/\/www.jeremiebossone.com\/index.php?rest_route=\/wp\/v2\/product\/79","targetHints":{"allow":["GET"]}}],"collection":[{"href":"https:\/\/www.jeremiebossone.com\/index.php?rest_route=\/wp\/v2\/product"}],"about":[{"href":"https:\/\/www.jeremiebossone.com\/index.php?rest_route=\/wp\/v2\/types\/product"}],"wp:featuredmedia":[{"embeddable":true,"href":"https:\/\/www.jeremiebossone.com\/index.php?rest_route=\/wp\/v2\/media\/80"}],"wp:attachment":[{"href":"https:\/\/www.jeremiebossone.com\/index.php?rest_route=%2Fwp%2Fv2%2Fmedia&parent=79"}],"wp:term":[{"taxonomy":"product_cat","embeddable":true,"href":"https:\/\/www.jeremiebossone.com\/index.php?rest_route=%2Fwp%2Fv2%2Fproduct_cat&post=79"},{"taxonomy":"product_tag","embeddable":true,"href":"https:\/\/www.jeremiebossone.com\/index.php?rest_route=%2Fwp%2Fv2%2Fproduct_tag&post=79"}],"curies":[{"name":"wp","href":"https:\/\/api.w.org\/{rel}","templated":true}]}}